{"id":1145,"date":"2024-10-01T12:28:56","date_gmt":"2024-10-01T12:28:56","guid":{"rendered":"https:\/\/elsherifeg.com\/?post_type=product&#038;p=1145"},"modified":"2025-06-23T17:19:44","modified_gmt":"2025-06-23T17:19:44","slug":"tp-link-tl-r605-router-cablato-10-gigabit-ethernet-100-gigabit-ethernet-nero","status":"publish","type":"product","link":"https:\/\/elsherifeg.com\/ar\/product\/tp-link-tl-r605-router-cablato-10-gigabit-ethernet-100-gigabit-ethernet-nero\/","title":{"rendered":"\u0631\u0627\u0648\u062a\u0631 TP-link TL-R605 \u0643\u0627\u0628\u0644 \u0625\u064a\u062b\u0631\u0646\u062a 10 \u062c\u064a\u062c\u0627\u0628\u062a \u0625\u064a\u062b\u0631\u0646\u062a 100 \u062c\u064a\u062c\u0627\u0628\u062a \u0623\u0633\u0648\u062f"},"content":{"rendered":"<div id=\"aplusBrandStory_feature_div\" class=\"celwidget pd_rd_w-qg5X1 pd_rd_r-0NHT8449NCRG57HHWHFT pd_rd_wg-8H5sh\" data-feature-name=\"aplusBrandStory\" data-csa-c-type=\"widget\" data-csa-c-content-id=\"aplusBrandStory\" data-csa-c-slot-id=\"aplusBrandStory_feature_div\" data-csa-c-asin=\"\" data-csa-c-is-in-initial-active-row=\"false\" data-csa-c-id=\"27oscd-3zex0l-wo4sg7-a3t1a8\" data-cel-widget=\"aplusBrandStory_feature_div\">\n<div id=\"aplus\" class=\"a-section a-spacing-large bucket\">\n<h2>\u0645\u0646 \u0627\u0644\u0639\u0644\u0627\u0645\u0629 \u0627\u0644\u062a\u062c\u0627\u0631\u064a\u0629<\/h2>\n<div class=\"aplus-v2 desktop celwidget\" data-csa-c-id=\"1wifkh-i2hliw-cjxt5h-rymm8h\" data-cel-widget=\"aplus\">\n<div class=\"apm-brand-story-carousel-container\">\n<div class=\"apm-brand-story-carousel-hero-container\">\n<div class=\"celwidget aplus-module brand-story-hero-1-image-logo aplus-brand-story-hero\" data-csa-c-id=\"obwaim-5m833n-gwa5mm-3cisag\" data-cel-widget=\"aplus-brand-story-hero-1-image-logo\">\n<div class=\"apm-brand-story-hero\">\n<div class=\"apm-brand-story-background-image\"><img decoding=\"async\" class=\"\" src=\"https:\/\/m.media-amazon.com\/images\/S\/aplus-media-library-service-media\/5f49bc87-e287-4a84-8e63-a1369a350c62.__CR0,0,1464,625_PT0_SX1464_V1___.png\" alt=\"TP-Link | Business\" data-src=\"https:\/\/m.media-amazon.com\/images\/S\/aplus-media-library-service-media\/5f49bc87-e287-4a84-8e63-a1369a350c62.__CR0,0,1464,625_PT0_SX1464_V1___.png\" \/><\/div>\n<\/div>\n<\/div>\n<\/div>\n<div id=\"apm-brand-story-carousel\" class=\"a-begin a-carousel-container a-carousel-display-stretchyGoodness a-carousel-transition-slide apm-brand-story-carousel size-cards a-carousel-container a-carousel-initialized\" data-a-carousel-options=\"{&quot;minimum_gutter_width&quot;:10,&quot;show_partial_next&quot;:true,&quot;name&quot;:&quot;brand-story-carousel&quot;,&quot;single_page_align&quot;:&quot;left&quot;,&quot;circular&quot;:false,&quot;carousel_display_strategy&quot;:&quot;single&quot;,&quot;currentGutter&quot;:10}\">\n<div class=\"a-row a-carousel-controls a-carousel-row a-carousel-has-buttons\">\n<div class=\"a-carousel-row-inner\">\n<div class=\"a-carousel-col a-carousel-center\">\n<div id=\"anonCarousel3\" class=\"a-carousel-viewport\">\n<div class=\"apm-brand-story-card\"><\/div>\n<div class=\"apm-brand-story-card\"><\/div>\n<div class=\"apm-brand-story-card\"><\/div>\n<div class=\"apm-brand-story-card\"><\/div>\n<div class=\"apm-brand-story-card\"><\/div>\n<\/div>\n<\/div>\n<\/div>\n<\/div>\n<\/div>\n<\/div>\n<div class=\"aplus-brandstory-pagination\"><\/div>\n<\/div>\n<\/div>\n<\/div>\n<div id=\"aplus_feature_div\" class=\"celwidget pd_rd_w-qrB1N pd_rd_r-0NHT8449NCRG57HHWHFT pd_rd_wg-8H5sh\" data-feature-name=\"aplus\" data-csa-c-type=\"widget\" data-csa-c-content-id=\"aplus\" data-csa-c-slot-id=\"aplus_feature_div\" data-csa-c-asin=\"\" data-csa-c-is-in-initial-active-row=\"false\" data-csa-c-id=\"gjz7gj-1sng76-bqpv74-1p4v59\" data-cel-widget=\"aplus_feature_div\">\n<div id=\"aplus\" class=\"a-section a-spacing-large bucket\">\n<hr class=\"bucketDivider\" noshade=\"noshade\" size=\"1\" \/>\n<h2>\u0645\u0646 \u0627\u0644\u0634\u0631\u0643\u0629 \u0627\u0644\u0645\u0635\u0646\u0639\u0629<\/h2>\n<div class=\"aplus-v2 desktop celwidget\" data-csa-c-id=\"16cocy-e2hjs2-r699kg-kqxt84\" data-cel-widget=\"aplus\">\n<div class=\"celwidget aplus-module premium-module-2-fullbackground-image aplus-premium\" data-csa-c-id=\"nt2e4d-2n3mxg-5ej2ht-1f1ole\" data-cel-widget=\"aplus-premium-module-2-fullbackground-image\">\n<div class=\"a-section a-spacing-none premium-aplus premium-aplus-module-2\">\n<div class=\"a-section a-spacing-none premium-background-wrapper\">\n<div class=\"a-section a-spacing-none background-image\"><img decoding=\"async\" class=\"\" src=\"https:\/\/m.media-amazon.com\/images\/S\/aplus-media-library-service-media\/03000a22-f849-4f73-a5a9-9bd3d2c5ca7e.__CR0,0,1464,600_PT0_SX1464_V1___.png\" alt=\"1\" data-src=\"https:\/\/m.media-amazon.com\/images\/S\/aplus-media-library-service-media\/03000a22-f849-4f73-a5a9-9bd3d2c5ca7e.__CR0,0,1464,600_PT0_SX1464_V1___.png\" \/><\/div>\n<\/div>\n<div class=\"a-section a-text-center\"><\/div>\n<\/div>\n<\/div>\n<div class=\"celwidget aplus-module premium-module-2-fullbackground-text aplus-premium\" data-csa-c-id=\"31f3rc-3xe9dv-ofxo3s-3juxqj\" data-cel-widget=\"aplus-premium-module-2-fullbackground-text\">\n<div class=\"a-section a-spacing-none premium-aplus premium-aplus-module-2\">\n<div class=\"a-section a-spacing-none premium-background-wrapper\">\n<div class=\"a-section a-spacing-none background-image\"><img decoding=\"async\" class=\"\" src=\"https:\/\/m.media-amazon.com\/images\/S\/aplus-media-library-service-media\/28f07e44-8920-49b8-a8ee-821ddc5e41bb.__CR0,0,1464,600_PT0_SX1464_V1___.png\" alt=\"2\" data-src=\"https:\/\/m.media-amazon.com\/images\/S\/aplus-media-library-service-media\/28f07e44-8920-49b8-a8ee-821ddc5e41bb.__CR0,0,1464,600_PT0_SX1464_V1___.png\" \/><\/div>\n<div class=\"a-section a-spacing-none premium-intro-wrapper right\">\n<div class=\"a-section a-spacing-none premium-intro-content-container\">\n<div class=\"a-section a-spacing-none premium-intro-content-column\">\n<div class=\"a-section a-spacing-none premium-intro-background white-background\">\n<h1 class=\"aplus-h1 aplus-module-2-heading a-text-bold\">\u0634\u0628\u0643\u0629 Omada SDN \u0645\u0639 \u0625\u062f\u0627\u0631\u0629 \u0645\u0631\u0646\u0629 \u0648\u0625\u0645\u0643\u0627\u0646\u064a\u0629 \u0627\u0644\u0648\u0635\u0648\u0644 \u0625\u0644\u0649 \u0627\u0644\u0633\u062d\u0627\u0628\u0629<\/h1>\n<div class=\"a-section a-spacing-none premium-intro-paragraph\">\n<p class=\"aplus-p2 aplus-module-2-description\">\u064a\u0642\u0648\u0645 Omada SDN \u0628\u062f\u0645\u062c \u0623\u062c\u0647\u0632\u0629 \u0627\u0644\u0634\u0628\u0643\u0629 \u0628\u0645\u0627 \u0641\u064a \u0630\u0644\u0643 \u0627\u0644\u0628\u0648\u0627\u0628\u0627\u062a \u0648\u0646\u0642\u0627\u0637 \u0627\u0644\u0648\u0635\u0648\u0644 \u0648\u0627\u0644\u0645\u0641\u0627\u062a\u064a\u062d \u0645\u0639 \u062e\u064a\u0627\u0631\u0627\u062a \u0627\u0644\u062a\u062d\u0643\u0645 \u0627\u0644\u0645\u062a\u0639\u062f\u062f\u0629 \u0627\u0644\u0645\u0642\u062f\u0645\u0629 - \u0648\u062d\u062f\u0629 \u062a\u062d\u0643\u0645 \u0627\u0644\u0623\u062c\u0647\u0632\u0629 \u0648\u0648\u062d\u062f\u0629 \u062a\u062d\u0643\u0645 \u0627\u0644\u0628\u0631\u0646\u0627\u0645\u062c \u0648\u0648\u062d\u062f\u0629 \u0627\u0644\u062a\u062d\u0643\u0645 \u0627\u0644\u0645\u0633\u062a\u0646\u062f\u0629 \u0625\u0644\u0649 \u0627\u0644\u0633\u062d\u0627\u0628\u0629*.<\/p>\n<\/div>\n<\/div>\n<\/div>\n<\/div>\n<\/div>\n<\/div>\n<div class=\"a-section a-text-center\"><\/div>\n<\/div>\n<\/div>\n<div class=\"celwidget aplus-module premium-module-2-fullbackground-text aplus-premium\" data-csa-c-id=\"raw773-irpa3f-oiv0ms-pg4qdc\" data-cel-widget=\"aplus-premium-module-2-fullbackground-text\">\n<div class=\"a-section a-spacing-none premium-aplus premium-aplus-module-2\">\n<div class=\"a-section a-spacing-none premium-background-wrapper\">\n<div class=\"a-section a-spacing-none background-image\"><img decoding=\"async\" class=\"\" src=\"https:\/\/m.media-amazon.com\/images\/S\/aplus-media-library-service-media\/7af34975-cf3f-4c23-b86f-695063d733fb.__CR0,0,1464,600_PT0_SX1464_V1___.png\" alt=\"3\" data-src=\"https:\/\/m.media-amazon.com\/images\/S\/aplus-media-library-service-media\/7af34975-cf3f-4c23-b86f-695063d733fb.__CR0,0,1464,600_PT0_SX1464_V1___.png\" \/><\/div>\n<div class=\"a-section a-spacing-none premium-intro-wrapper left\">\n<div class=\"a-section a-spacing-none premium-intro-content-container\">\n<div class=\"a-section a-spacing-none premium-intro-content-column\">\n<div class=\"a-section a-spacing-none premium-intro-background white-background\">\n<h1 class=\"aplus-h1 aplus-module-2-heading a-text-bold\">\u0634\u0628\u0643\u0629 VPN \u0639\u0627\u0644\u064a\u0629 \u0627\u0644\u0623\u0645\u0627\u0646<\/h1>\n<div class=\"a-section a-spacing-none premium-intro-paragraph\">\n<p class=\"aplus-p2 aplus-module-2-description\">\u064a\u062f\u0639\u0645 ER605 \u0645\u0627 \u064a\u0635\u0644 \u0625\u0644\u0649 20\u00d7 LAN-to-LAN IPsec\u060c \u064816\u00d7 OpenVPN (\u064a\u062a\u0637\u0644\u0628 \u0648\u062d\u062f\u0629 \u062a\u062d\u0643\u0645 Omada SDN)\u060c \u064816\u00d7 L2TP \u064816\u00d7 PPTP VPN. \u062a\u0639\u0645\u0644 \u0645\u064a\u0632\u0629 IPSec VPN \u0627\u0644\u062a\u0644\u0642\u0627\u0626\u064a\u0629 \u0628\u0646\u0642\u0631\u0629 \u0648\u0627\u062d\u062f\u0629 (\u062a\u062a\u0637\u0644\u0628 \u0648\u062d\u062f\u0629 \u062a\u062d\u0643\u0645 SDN) \u0639\u0644\u0649 \u062a\u0628\u0633\u064a\u0637 \u062a\u0643\u0648\u064a\u0646 VPN \u0628\u0634\u0643\u0644 \u0643\u0628\u064a\u0631 \u0648\u062a\u0633\u0647\u064a\u0644 \u0625\u062f\u0627\u0631\u0629 \u0627\u0644\u0634\u0628\u0643\u0629 \u0645\u0639 \u062a\u0623\u0645\u064a\u0646 \u0646\u0642\u0644 \u0627\u0644\u0628\u064a\u0627\u0646\u0627\u062a \u0627\u0644\u062e\u0627\u0635\u0629 \u0623\u064a\u0636\u064b\u0627.<\/p>\n<\/div>\n<\/div>\n<\/div>\n<\/div>\n<\/div>\n<\/div>\n<div class=\"a-section a-text-center\"><\/div>\n<\/div>\n<\/div>\n<div class=\"celwidget aplus-module premium-module-2-fullbackground-image aplus-premium\" data-csa-c-id=\"51vly6-e0lm2x-tnhx7w-jjashx\" data-cel-widget=\"aplus-premium-module-2-fullbackground-image\">\n<div class=\"a-section a-spacing-none premium-aplus premium-aplus-module-2\">\n<div class=\"a-section a-spacing-none premium-background-wrapper\">\n<div class=\"a-section a-spacing-none background-image\"><img decoding=\"async\" class=\"\" src=\"https:\/\/m.media-amazon.com\/images\/S\/aplus-media-library-service-media\/e0d10074-953e-48af-bd7a-39d5d715f68c.__CR0,0,1464,600_PT0_SX1464_V1___.png\" alt=\"4\" data-src=\"https:\/\/m.media-amazon.com\/images\/S\/aplus-media-library-service-media\/e0d10074-953e-48af-bd7a-39d5d715f68c.__CR0,0,1464,600_PT0_SX1464_V1___.png\" \/><\/div>\n<\/div>\n<div class=\"a-section a-text-center\"><\/div>\n<\/div>\n<\/div>\n<div class=\"celwidget aplus-module premium-module-2-fullbackground-text aplus-premium\" data-csa-c-id=\"1eufkl-crpa70-myuvhv-4c9kbd\" data-cel-widget=\"aplus-premium-module-2-fullbackground-text\">\n<div class=\"a-section a-spacing-none premium-aplus premium-aplus-module-2\">\n<div class=\"a-section a-spacing-none premium-background-wrapper\">\n<div class=\"a-section a-spacing-none background-image\"><img decoding=\"async\" class=\"\" src=\"https:\/\/m.media-amazon.com\/images\/S\/aplus-media-library-service-media\/7158dc1a-168a-4213-bb44-f11d6808cd84.__CR0,0,1464,600_PT0_SX1464_V1___.png\" alt=\"5\" data-src=\"https:\/\/m.media-amazon.com\/images\/S\/aplus-media-library-service-media\/7158dc1a-168a-4213-bb44-f11d6808cd84.__CR0,0,1464,600_PT0_SX1464_V1___.png\" \/><\/div>\n<div class=\"a-section a-spacing-none premium-intro-wrapper left\">\n<div class=\"a-section a-spacing-none premium-intro-content-container\">\n<div class=\"a-section a-spacing-none premium-intro-content-column\">\n<div class=\"a-section a-spacing-none premium-intro-background white-background\">\n<h1 class=\"aplus-h1 aplus-module-2-heading a-text-bold\">\u062d\u0644\u0648\u0644 \u0633\u062d\u0627\u0628\u064a\u0629 \u0623\u0643\u062b\u0631 \u0630\u0643\u0627\u0621\u064b \u0644\u0634\u0628\u0643\u0627\u062a \u0627\u0644\u0623\u0639\u0645\u0627\u0644<\/h1>\n<div class=\"a-section a-spacing-none premium-intro-paragraph\">\n<p class=\"aplus-p2 aplus-module-2-description\">\u0628\u0627\u0639\u062a\u0628\u0627\u0631\u0647\u0627 \u0627\u0644\u0628\u0648\u0627\u0628\u0629 \u0627\u0644\u062a\u064a \u062a\u062a\u0643\u0627\u0645\u0644 \u0628\u0633\u0644\u0627\u0633\u0629 \u0645\u0639 \u0645\u0646\u0635\u0629 Omada Software Defined Networking (SDN)\u060c \u062a\u0633\u0645\u062d ER605 \u0628\u0627\u0644\u0625\u062f\u0627\u0631\u0629 \u0639\u0646 \u0628\u0639\u062f \u0648\u0627\u0644\u0645\u0631\u0643\u0632\u064a\u0629\u060c \u0641\u064a \u0623\u064a \u0645\u0643\u0627\u0646 \u0648\u0641\u064a \u0623\u064a \u0648\u0642\u062a.<\/p>\n<\/div>\n<\/div>\n<\/div>\n<\/div>\n<\/div>\n<\/div>\n<div class=\"a-section a-text-center\"><\/div>\n<\/div>\n<\/div>\n<div class=\"celwidget aplus-module premium-module-4-two-column-images aplus-premium\" data-csa-c-id=\"5rypw3-tzsf74-ut9xoy-jcvu6l\" data-cel-widget=\"aplus-premium-module-4-two-column-images\">\n<div class=\"a-section a-spacing-none premium-aplus premium-aplus-module-4 aplus-container-1\">\n<div class=\"a-section a-spacing-none premium-aplus-two-column\">\n<div class=\"a-section a-spacing-none premium-aplus-column\">\n<div class=\"a-section a-spacing-none {'column-image'}\"><img decoding=\"async\" class=\"\" src=\"https:\/\/m.media-amazon.com\/images\/S\/aplus-media-library-service-media\/fec35a3c-1d47-4a8d-96ce-e3261989484f.__CR0,0,650,350_PT0_SX650_V1___.png\" alt=\"6\" data-src=\"https:\/\/m.media-amazon.com\/images\/S\/aplus-media-library-service-media\/fec35a3c-1d47-4a8d-96ce-e3261989484f.__CR0,0,650,350_PT0_SX650_V1___.png\" \/><\/div>\n<div class=\"a-section a-spacing-none column-heading\">\n<h1 class=\"aplus-h3 a-text-bold\">\u0627\u0644\u062a\u062d\u0643\u0645 \u0627\u0644\u0645\u0631\u0646 \u0641\u064a \u062d\u0631\u0643\u0629 \u0627\u0644\u0645\u0631\u0648\u0631<\/h1>\n<\/div>\n<div class=\"a-section a-spacing-none column-description\">\n<p class=\"aplus-p3\">\u062a\u062a\u064a\u062d \u0645\u064a\u0632\u0629 \u0627\u0644\u062a\u062d\u0643\u0645 \u0641\u064a \u0627\u0644\u0646\u0637\u0627\u0642 \u0627\u0644\u062a\u0631\u062f\u062f\u064a \u0648\u062a\u062d\u062f\u064a\u062f \u062d\u062f \u0627\u0644\u062c\u0644\u0633\u0629 \u0644\u0644\u0645\u0633\u0624\u0648\u0644\u064a\u0646 \u0625\u062f\u0627\u0631\u0629 \u0627\u0644\u0646\u0637\u0627\u0642 \u0627\u0644\u062a\u0631\u062f\u062f\u064a \u0644\u0644\u0634\u0628\u0643\u0629 \u0628\u0645\u0631\u0648\u0646\u0629 \u0644\u062a\u062d\u0633\u064a\u0646 \u0627\u0644\u0627\u0633\u062a\u062e\u062f\u0627\u0645.<\/p>\n<\/div>\n<\/div>\n<div class=\"a-section a-spacing-none premium-aplus-column\">\n<div class=\"a-section a-spacing-none {'column-image'}\"><img decoding=\"async\" class=\"\" src=\"https:\/\/m.media-amazon.com\/images\/S\/aplus-media\/vc\/bf5c458f-c92f-4afb-a3b9-3cab01c4d366.__CR0,0,650,350_PT0_SX650_V1___.png\" alt=\"7\" data-src=\"https:\/\/m.media-amazon.com\/images\/S\/aplus-media\/vc\/bf5c458f-c92f-4afb-a3b9-3cab01c4d366.__CR0,0,650,350_PT0_SX650_V1___.png\" \/><\/div>\n<div class=\"a-section a-spacing-none column-heading\">\n<h1 class=\"aplus-h3 a-text-bold\">\u0627\u0633\u062a\u0631\u0627\u062a\u064a\u062c\u064a\u0629 \u0625\u062f\u0627\u0631\u0629 \u0627\u0644\u0648\u0635\u0648\u0644 \u0625\u0644\u0649 \u0627\u0644\u0625\u0646\u062a\u0631\u0646\u062a<\/h1>\n<\/div>\n<div class=\"a-section a-spacing-none column-description\">\n<p class=\"aplus-p3\">\u062a\u0648\u062d\u064a\u062f \u0633\u0644\u0648\u0643 \u0627\u0644\u0645\u0633\u062a\u062e\u062f\u0645\u064a\u0646 \u0639\u0628\u0631 \u0627\u0644\u0625\u0646\u062a\u0631\u0646\u062a \u0648\u062a\u062d\u062f\u064a\u062f \u062d\u0642\u0648\u0642 \u0627\u0644\u0648\u0635\u0648\u0644 \u0625\u0644\u0649 \u0627\u0644\u0625\u0646\u062a\u0631\u0646\u062a \u0648\u0627\u0633\u062a\u0631\u0627\u062a\u064a\u062c\u064a\u0627\u062a \u0627\u0644\u0645\u0648\u0638\u0641 \u0628\u0633\u0647\u0648\u0644\u0629 \u0639\u0628\u0631 \u062a\u0635\u0641\u064a\u0629 IP\/MAC\/URL \u0648\u0642\u0627\u0626\u0645\u0629 \u0627\u0644\u062a\u062d\u0643\u0645 \u0641\u064a \u0627\u0644\u0648\u0635\u0648\u0644 (ACL).<\/p>\n<\/div>\n<\/div>\n<\/div>\n<\/div>\n<\/div>\n<div class=\"celwidget aplus-module premium-module-4-two-column-images aplus-premium\" data-csa-c-id=\"86v4pf-tcz2ji-g6rt60-39576w\" data-cel-widget=\"aplus-premium-module-4-two-column-images\">\n<div class=\"a-section a-spacing-none premium-aplus premium-aplus-module-4 aplus-container-1\">\n<div class=\"a-section a-spacing-none premium-aplus-two-column\">\n<div class=\"a-section a-spacing-none premium-aplus-column\">\n<div class=\"a-section a-spacing-none {'column-image'}\"><img decoding=\"async\" class=\"\" src=\"https:\/\/m.media-amazon.com\/images\/S\/aplus-media-library-service-media\/2110eb18-a069-4a80-b0a1-e34b6fad751f.__CR0,0,650,350_PT0_SX650_V1___.png\" alt=\"8\" data-src=\"https:\/\/m.media-amazon.com\/images\/S\/aplus-media-library-service-media\/2110eb18-a069-4a80-b0a1-e34b6fad751f.__CR0,0,650,350_PT0_SX650_V1___.png\" \/><\/div>\n<div class=\"a-section a-spacing-none column-heading\">\n<h1 class=\"aplus-h3 a-text-bold\">\u062a\u0635\u0645\u064a\u0645 \u0633\u0637\u062d \u0645\u0643\u062a\u0628 \u0635\u063a\u064a\u0631 \u0627\u0644\u062d\u062c\u0645<\/h1>\n<\/div>\n<div class=\"a-section a-spacing-none column-description\">\n<p class=\"aplus-p3\">\u063a\u0644\u0627\u0641 \u0645\u0639\u062f\u0646\u064a \u0645\u062a\u064a\u0646 \u0648\u062a\u0635\u0645\u064a\u0645 \u0645\u0646\u0627\u0633\u0628 \u0644\u0644\u062a\u0631\u0643\u064a\u0628 \u0639\u0644\u0649 \u0633\u0637\u062d \u0627\u0644\u0645\u0643\u062a\u0628 \u0623\u0648 \u0627\u0644\u062d\u0627\u0626\u0637 \u0645\u0646\u0627\u0633\u0628 \u0644\u0628\u064a\u0626\u0627\u062a \u0645\u062e\u062a\u0644\u0641\u0629.<\/p>\n<\/div>\n<\/div>\n<div class=\"a-section a-spacing-none premium-aplus-column\">\n<div class=\"a-section a-spacing-none {'column-image'}\"><img decoding=\"async\" class=\"\" src=\"https:\/\/m.media-amazon.com\/images\/S\/aplus-media-library-service-media\/2fd53511-bda5-4739-8fff-fb3e624c3e47.__CR0,0,650,350_PT0_SX650_V1___.png\" alt=\"9\" data-src=\"https:\/\/m.media-amazon.com\/images\/S\/aplus-media-library-service-media\/2fd53511-bda5-4739-8fff-fb3e624c3e47.__CR0,0,650,350_PT0_SX650_V1___.png\" \/><\/div>\n<div class=\"a-section a-spacing-none column-heading\">\n<h1 class=\"aplus-h3 a-text-bold\">\u0645\u0648\u0627\u0632\u0646\u0629 \u062a\u062d\u0645\u064a\u0644 \u0634\u0628\u0643\u0627\u062a WAN \u0627\u0644\u0645\u062a\u0639\u062f\u062f\u0629<\/h1>\n<\/div>\n<div class=\"a-section a-spacing-none column-description\">\n<p class=\"aplus-p3\">\u062a\u0642\u0648\u0645 \u0648\u0638\u064a\u0641\u0629 \u0645\u0648\u0627\u0632\u0646\u0629 \u0627\u0644\u062a\u062d\u0645\u064a\u0644 \u0627\u0644\u0630\u0643\u064a\u0629 \u0628\u062a\u0648\u0632\u064a\u0639 \u062a\u062f\u0641\u0642\u0627\u062a \u0627\u0644\u0628\u064a\u0627\u0646\u0627\u062a \u0648\u0641\u0642\u064b\u0627 \u0644\u0646\u0633\u0628\u0629 \u0627\u0644\u0646\u0637\u0627\u0642 \u0627\u0644\u062a\u0631\u062f\u062f\u064a \u0644\u0643\u0644 \u0645\u0646\u0641\u0630 WAN \u0644\u0631\u0641\u0639 \u0645\u0639\u062f\u0644 \u0627\u0633\u062a\u062e\u062f\u0627\u0645 \u0627\u0644\u0646\u0637\u0627\u0642 \u0627\u0644\u0639\u0631\u064a\u0636 \u0645\u062a\u0639\u062f\u062f \u0627\u0644\u062e\u0637\u0648\u0637 \u0645\u0645\u0627 \u064a\u0633\u0645\u062d \u0644\u062c\u0647\u0627\u0632 \u0648\u0627\u062d\u062f \u0628\u062a\u0644\u0628\u064a\u0629 \u0645\u062a\u0637\u0644\u0628\u0627\u062a \u0627\u0644\u0625\u0646\u062a\u0631\u0646\u062a \u0627\u0644\u0645\u062e\u062a\u0644\u0641\u0629.<\/p>\n<\/div>\n<\/div>\n<\/div>\n<\/div>\n<\/div>\n<div class=\"celwidget aplus-module premium-module-2-fullbackground-image aplus-premium\" data-csa-c-id=\"lvqupt-lndxwq-xrlq-z7w0in\" data-cel-widget=\"aplus-premium-module-2-fullbackground-image\">\n<div class=\"a-section a-spacing-none premium-aplus premium-aplus-module-2\">\n<div class=\"a-section a-spacing-none premium-background-wrapper\">\n<div class=\"a-section a-spacing-none background-image\"><img decoding=\"async\" class=\"\" src=\"https:\/\/m.media-amazon.com\/images\/S\/aplus-media-library-service-media\/8390129e-ae7c-4622-9420-c86d3846d5d8.__CR0,0,1464,600_PT0_SX1464_V1___.png\" alt=\"10\" data-src=\"https:\/\/m.media-amazon.com\/images\/S\/aplus-media-library-service-media\/8390129e-ae7c-4622-9420-c86d3846d5d8.__CR0,0,1464,600_PT0_SX1464_V1___.png\" \/><\/div>\n<\/div>\n<\/div>\n<\/div>\n<\/div>\n<\/div>\n<\/div>","protected":false},"excerpt":{"rendered":"<p>From the brand From the manufacturer Omada SDN with Flexible Management and Cloud Access Omada SDN integrates network devices including gateways, access points &amp; switches w\/ multiple control options offered &#8211; Hardware controller, Software Controller &amp; Cloud-based Controller*. Highly Secure VPN ER605 supports up to 20\u00d7 LAN-to-LAN IPsec, 16\u00d7 OpenVPN (Requires Omada SDN Controller), 16\u00d7 [&#8230;]\n","protected":false},"featured_media":1148,"template":"","meta":{"slim_seo":{"title":"TP-link TL-R605 router cablato 10 gigabit ethernet 100 gigabit ethernet nero - Elsherif for networks | \u0627\u0644\u0634\u0631\u064a\u0641 \u0644\u0644\u0634\u0628\u0643\u0627\u062a","description":"From the brand From the manufacturer Omada SDN with Flexible Management and Cloud Access Omada SDN integrates network devices including gateways, access points"}},"product_brand":[],"product_cat":[18,49,19,50],"product_tag":[],"class_list":{"0":"post-1145","1":"product","2":"type-product","3":"status-publish","4":"has-post-thumbnail","6":"product_cat-brands","7":"product_cat-network","8":"product_cat-tplink","9":"product_cat-vdsl-router","10":"product_shipping_class-small-items","12":"first","13":"instock","14":"taxable","15":"shipping-taxable","16":"purchasable","17":"product-type-simple"},"_links":{"self":[{"href":"https:\/\/elsherifeg.com\/ar\/wp-json\/wp\/v2\/product\/1145","targetHints":{"allow":["GET"]}}],"collection":[{"href":"https:\/\/elsherifeg.com\/ar\/wp-json\/wp\/v2\/product"}],"about":[{"href":"https:\/\/elsherifeg.com\/ar\/wp-json\/wp\/v2\/types\/product"}],"wp:featuredmedia":[{"embeddable":true,"href":"https:\/\/elsherifeg.com\/ar\/wp-json\/wp\/v2\/media\/1148"}],"wp:attachment":[{"href":"https:\/\/elsherifeg.com\/ar\/wp-json\/wp\/v2\/media?parent=1145"}],"wp:term":[{"taxonomy":"product_brand","embeddable":true,"href":"https:\/\/elsherifeg.com\/ar\/wp-json\/wp\/v2\/product_brand?post=1145"},{"taxonomy":"product_cat","embeddable":true,"href":"https:\/\/elsherifeg.com\/ar\/wp-json\/wp\/v2\/product_cat?post=1145"},{"taxonomy":"product_tag","embeddable":true,"href":"https:\/\/elsherifeg.com\/ar\/wp-json\/wp\/v2\/product_tag?post=1145"}],"curies":[{"name":"\u0648\u0648\u0631\u062f\u0628\u0631\u064a\u0633","href":"https:\/\/api.w.org\/{rel}","templated":true}]}}